{"id":141,"date":"2017-01-30T12:54:17","date_gmt":"2017-01-30T11:54:17","guid":{"rendered":"https:\/\/druivenparadijs.nl\/?page_id=141"},"modified":"2017-02-07T15:38:50","modified_gmt":"2017-02-07T14:38:50","slug":"reglementen","status":"publish","type":"page","link":"https:\/\/druivenparadijs.nl\/de\/reglementen\/","title":{"rendered":"Allgemeine Bestimmungen"},"content":{"rendered":"<div class=\"wpb-content-wrapper\"><p>[vc_row][vc_column][vc_row_inner][vc_column_inner width=&#8220;2\/3&#8243;][vc_column_text]Was Sie erwarten k\u00f6nnen:<\/p>\n<p>Ein neues und sch\u00f6nes Appartement mit allen Bequemlichkeiten ausgestattet:<\/p>\n<ol>\n<li>Bettbez\u00fcge, Handt\u00fccher und Badet\u00fccher<\/li>\n<li>Garage f\u00fcr die Fahrr\u00e4der<\/li>\n<li>Liegest\u00fchle (siehe Garage)<\/li>\n<li>Waschmaschine (siehe Garage)<\/li>\n<li>Prospekte f\u00fcr die Umgebung (nur zur Ansicht, nicht zum mitnehem)<\/li>\n<\/ol>\n<p><em><strong>Was wir von Ihnen erwarten:<\/strong><\/em><\/p>\n<ol>\n<li>Da\u00df Sie beachtsam mit unseren Sachen umgehen.<\/li>\n<li>Da\u00df die Wohnung sauber hinterlassen wird.<\/li>\n<li>Da\u00df Sie die schmutzige W\u00e4sche im W\u00e4schekorb bei der Waschmaschine hinterlassen.<\/li>\n<li>Bitte achten Sie darauf da\u00df die Kochplatten ausgeschaltet sind bevor Sie die T\u00fcren der Kleink\u00fcche schlie\u00dfen um \u00dcbererhitzung zu vermeiden.<\/li>\n<li>Bitte melden Sie uns zerbrochene Gegenst\u00e4nde soda\u00df wir sie ersetzen k\u00f6nnen (eine Tasse, Glas oder Teller, es kann jedem von uns schon mal passieren).<\/li>\n<li>Bei der Abfahrt den K\u00fchlschrank ausschalten und ein wenig ge\u00f6ffnet lassen zum l\u00fcften, Fensterl\u00e4den und T\u00fcren schlie\u00dfen und verriegeln.<\/li>\n<li>Schalten Sie bitte die Heizung aus, bevor Sie weggehen.<\/li>\n<li>Das Rauchen in der Wohnung ist verboten. Werfen Sie keine Zigarettenstummel in das Gras: BRANDGEFAHR!<\/li>\n<li>Im Falle eines Stromausfalls finden Sie den Schalterkasten im Wandschrank des Schlafzimmers.<\/li>\n<\/ol>\n<p>Die Kaution betr\u00e4gt \u20ac 150,00, bei Reservierung 25% anbezahlen, den Rest des Mietbetrages und der Kaution bis sp\u00e4testens 8 Wochen vor Ankunft \u00fcberweisen. Wenn der Mietbetrag nicht eingetroffen ist behalten wir uns das Recht vor um das Appartement an jemand anders zu vermieten. Per E-mail werden wir dann den Mieter davon unterrichten.<\/p>\n<p>Zum Schlu\u00df: Wir w\u00fcnschen Ihnen sch\u00f6ne Ferien!<\/p>\n<p>Die Adresse der Ferienwohnung ist: 14 Impasse Guillaumette, F-16130 Segonzac.<br \/>\nBei Problemen oder Fragen k\u00f6nnen Sie uns \u00fcber die Handynummer 0031-657527079 erreichen oder ganz einfach ein E-mail schicken nach <a href=\"mailto:info@druivenparadijs.nl\">info@druivenparadijs.nl<\/a>[\/vc_column_text][\/vc_column_inner][vc_column_inner width=&#8220;1\/3&#8243;][vc_single_image image=&#8220;30&#8243; img_size=&#8220;full&#8220;][vc_column_text]<em><strong>Noch ein paar Tips:<\/strong><\/em><\/p>\n<p>Der Haushaltsm\u00fcll kann dienstagabends am Stra\u00dfenrand abgestellt werden.<br \/>\nTelefonnummer Polizei: 17<br \/>\nTefefonnummer Feuerwehr: 18<br \/>\nTelefonnummer Zahnarzt: 05 45 83 44 67, Dr. NIVET Alain<br \/>\nKrankenhaus befindet sich in Cognac.<\/p>\n<p><em><strong>Haus\u00e4rzte<br \/>\n<\/strong><\/em><br \/>\nHUISARTS (medecin):<br \/>\nDr. MAILLOCHAUD David, Tel: 05 45 83 42 18<br \/>\nDr. FLOCH Yves, Tel. 05 45 83 40 71<br \/>\nDr. CORMEAU Yves, Tel. 05 45 83 40 70[\/vc_column_text][\/vc_column_inner][\/vc_row_inner][\/vc_column][\/vc_row]<\/p>\n<\/div>","protected":false},"excerpt":{"rendered":"<p>[vc_row][vc_column][vc_row_inner][vc_column_inner width=&#8220;2\/3&#8243;][vc_column_text]Was Sie erwarten k\u00f6nnen: Ein neues und sch\u00f6nes Appartement mit allen Bequemlichkeiten ausgestattet: Bettbez\u00fcge, Handt\u00fccher und Badet\u00fccher Garage f\u00fcr die Fahrr\u00e4der Liegest\u00fchle (siehe Garage) Waschmaschine (siehe Garage) Prospekte f\u00fcr die Umgebung (nur zur Ansicht, nicht zum mitnehem) Was wir von Ihnen erwarten: Da\u00df Sie beachtsam mit unseren Sachen umgehen. Da\u00df die Wohnung sauber hinterlassen&hellip;<\/p>\n","protected":false},"author":1,"featured_media":0,"parent":0,"menu_order":0,"comment_status":"closed","ping_status":"closed","template":"","meta":{"footnotes":""},"class_list":["post-141","page","type-page","status-publish","hentry","description-off"],"yoast_head":"<!-- This site is optimized with the Yoast SEO plugin v27.3 - https:\/\/yoast.com\/product\/yoast-seo-wordpress\/ -->\n<title>(Nederlands) Druiven Paradijs - Reglementen<\/title>\n<meta name=\"description\" content=\"(Nederlands) Lees hier de reglementen die gelden voor de verhuur van de appartementen in het Druiven Paradijs.\" \/>\n<meta name=\"robots\" content=\"index, follow, max-snippet:-1, max-image-preview:large, max-video-preview:-1\" \/>\n<link rel=\"canonical\" href=\"https:\/\/druivenparadijs.nl\/fr\/reglementen\/\" \/>\n<meta property=\"og:locale\" content=\"de_DE\" \/>\n<meta property=\"og:type\" content=\"article\" \/>\n<meta property=\"og:title\" content=\"(Nederlands) Druiven Paradijs - Reglementen\" \/>\n<meta property=\"og:description\" content=\"(Nederlands) Lees hier de reglementen die gelden voor de verhuur van de appartementen in het Druiven Paradijs.\" \/>\n<meta property=\"og:url\" content=\"https:\/\/druivenparadijs.nl\/fr\/reglementen\/\" \/>\n<meta property=\"og:site_name\" content=\"Druiven Paradijs\" \/>\n<meta property=\"article:modified_time\" content=\"2017-02-07T14:38:50+00:00\" \/>\n<meta name=\"twitter:card\" content=\"summary_large_image\" \/>\n<meta name=\"twitter:label1\" content=\"Gesch\u00e4tzte Lesezeit\" \/>\n\t<meta name=\"twitter:data1\" content=\"7\u00a0Minuten\" \/>\n<script type=\"application\/ld+json\" class=\"yoast-schema-graph\">{\"@context\":\"https:\\\/\\\/schema.org\",\"@graph\":[{\"@type\":\"WebPage\",\"@id\":\"https:\\\/\\\/druivenparadijs.nl\\\/fr\\\/reglementen\\\/\",\"url\":\"https:\\\/\\\/druivenparadijs.nl\\\/fr\\\/reglementen\\\/\",\"name\":\"(Nederlands) Druiven Paradijs - Reglementen\",\"isPartOf\":{\"@id\":\"https:\\\/\\\/druivenparadijs.nl\\\/#website\"},\"datePublished\":\"2017-01-30T11:54:17+00:00\",\"dateModified\":\"2017-02-07T14:38:50+00:00\",\"description\":\"(Nederlands) Lees hier de reglementen die gelden voor de verhuur van de appartementen in het Druiven Paradijs.\",\"breadcrumb\":{\"@id\":\"https:\\\/\\\/druivenparadijs.nl\\\/fr\\\/reglementen\\\/#breadcrumb\"},\"inLanguage\":\"de\",\"potentialAction\":[{\"@type\":\"ReadAction\",\"target\":[\"https:\\\/\\\/druivenparadijs.nl\\\/fr\\\/reglementen\\\/\"]}]},{\"@type\":\"BreadcrumbList\",\"@id\":\"https:\\\/\\\/druivenparadijs.nl\\\/fr\\\/reglementen\\\/#breadcrumb\",\"itemListElement\":[{\"@type\":\"ListItem\",\"position\":1,\"name\":\"Home\",\"item\":\"https:\\\/\\\/druivenparadijs.nl\\\/\"},{\"@type\":\"ListItem\",\"position\":2,\"name\":\"Le r\u00e8glement int\u00e9rieur\"}]},{\"@type\":\"WebSite\",\"@id\":\"https:\\\/\\\/druivenparadijs.nl\\\/#website\",\"url\":\"https:\\\/\\\/druivenparadijs.nl\\\/\",\"name\":\"Druiven Paradijs\",\"description\":\"Herrliche Ferien in der Cognacgegend\",\"potentialAction\":[{\"@type\":\"SearchAction\",\"target\":{\"@type\":\"EntryPoint\",\"urlTemplate\":\"https:\\\/\\\/druivenparadijs.nl\\\/?s={search_term_string}\"},\"query-input\":{\"@type\":\"PropertyValueSpecification\",\"valueRequired\":true,\"valueName\":\"search_term_string\"}}],\"inLanguage\":\"de\"}]}<\/script>\n<!-- \/ Yoast SEO plugin. -->","yoast_head_json":{"title":"(Nederlands) Druiven Paradijs - Reglementen","description":"(Nederlands) Lees hier de reglementen die gelden voor de verhuur van de appartementen in het Druiven Paradijs.","robots":{"index":"index","follow":"follow","max-snippet":"max-snippet:-1","max-image-preview":"max-image-preview:large","max-video-preview":"max-video-preview:-1"},"canonical":"https:\/\/druivenparadijs.nl\/fr\/reglementen\/","og_locale":"de_DE","og_type":"article","og_title":"(Nederlands) Druiven Paradijs - Reglementen","og_description":"(Nederlands) Lees hier de reglementen die gelden voor de verhuur van de appartementen in het Druiven Paradijs.","og_url":"https:\/\/druivenparadijs.nl\/fr\/reglementen\/","og_site_name":"Druiven Paradijs","article_modified_time":"2017-02-07T14:38:50+00:00","twitter_card":"summary_large_image","twitter_misc":{"Gesch\u00e4tzte Lesezeit":"7\u00a0Minuten"},"schema":{"@context":"https:\/\/schema.org","@graph":[{"@type":"WebPage","@id":"https:\/\/druivenparadijs.nl\/fr\/reglementen\/","url":"https:\/\/druivenparadijs.nl\/fr\/reglementen\/","name":"(Nederlands) Druiven Paradijs - Reglementen","isPartOf":{"@id":"https:\/\/druivenparadijs.nl\/#website"},"datePublished":"2017-01-30T11:54:17+00:00","dateModified":"2017-02-07T14:38:50+00:00","description":"(Nederlands) Lees hier de reglementen die gelden voor de verhuur van de appartementen in het Druiven Paradijs.","breadcrumb":{"@id":"https:\/\/druivenparadijs.nl\/fr\/reglementen\/#breadcrumb"},"inLanguage":"de","potentialAction":[{"@type":"ReadAction","target":["https:\/\/druivenparadijs.nl\/fr\/reglementen\/"]}]},{"@type":"BreadcrumbList","@id":"https:\/\/druivenparadijs.nl\/fr\/reglementen\/#breadcrumb","itemListElement":[{"@type":"ListItem","position":1,"name":"Home","item":"https:\/\/druivenparadijs.nl\/"},{"@type":"ListItem","position":2,"name":"Le r\u00e8glement int\u00e9rieur"}]},{"@type":"WebSite","@id":"https:\/\/druivenparadijs.nl\/#website","url":"https:\/\/druivenparadijs.nl\/","name":"Druiven Paradijs","description":"Herrliche Ferien in der Cognacgegend","potentialAction":[{"@type":"SearchAction","target":{"@type":"EntryPoint","urlTemplate":"https:\/\/druivenparadijs.nl\/?s={search_term_string}"},"query-input":{"@type":"PropertyValueSpecification","valueRequired":true,"valueName":"search_term_string"}}],"inLanguage":"de"}]}},"_links":{"self":[{"href":"https:\/\/druivenparadijs.nl\/de\/wp-json\/wp\/v2\/pages\/141","targetHints":{"allow":["GET"]}}],"collection":[{"href":"https:\/\/druivenparadijs.nl\/de\/wp-json\/wp\/v2\/pages"}],"about":[{"href":"https:\/\/druivenparadijs.nl\/de\/wp-json\/wp\/v2\/types\/page"}],"author":[{"embeddable":true,"href":"https:\/\/druivenparadijs.nl\/de\/wp-json\/wp\/v2\/users\/1"}],"replies":[{"embeddable":true,"href":"https:\/\/druivenparadijs.nl\/de\/wp-json\/wp\/v2\/comments?post=141"}],"version-history":[{"count":9,"href":"https:\/\/druivenparadijs.nl\/de\/wp-json\/wp\/v2\/pages\/141\/revisions"}],"predecessor-version":[{"id":341,"href":"https:\/\/druivenparadijs.nl\/de\/wp-json\/wp\/v2\/pages\/141\/revisions\/341"}],"wp:attachment":[{"href":"https:\/\/druivenparadijs.nl\/de\/wp-json\/wp\/v2\/media?parent=141"}],"curies":[{"name":"wp","href":"https:\/\/api.w.org\/{rel}","templated":true}]}}