{"id":91,"date":"2017-01-24T16:46:15","date_gmt":"2017-01-24T15:46:15","guid":{"rendered":"https:\/\/druivenparadijs.nl\/?page_id=91"},"modified":"2023-11-06T17:40:22","modified_gmt":"2023-11-06T16:40:22","slug":"contact","status":"publish","type":"page","link":"https:\/\/druivenparadijs.nl\/de\/contact\/","title":{"rendered":"Kontakt"},"content":{"rendered":"<div class=\"wpb-content-wrapper\"><p>[vc_row][vc_column width=&#8220;2\/3&#8243;][vc_column_text]<\/p>\n<h3>Kontaktinformationen Druiven Paradijs<\/h3>\n<p><em>In der schr\u00e4g ablaufenden H\u00fcgellandschaft, die den idyllischen Flu\u00df Charente im S\u00fcdwesten von Frankreich umschlie\u00dft, befindet sich das kleine St\u00e4dtchen Segonzac mit 2200 Einwohnern.<\/em><\/p>\n<p><strong>Ted und Riet Bootsma<\/strong><\/p>\n<p>14 Impasse Guillaumette Charente<br \/>\n16130 Segonzac Frankrijk<\/p>\n<p>E-mail: info@druivenparadijs.nl<br \/>\nTelefon: + 31 (0)6-43105867<br \/>\n+ 31 (0)6-57527079[\/vc_column_text][\/vc_column][vc_column width=&#8220;1\/3&#8243;][vc_custom_heading text=&#8220;Kontaktieren Sie uns&#8220; font_container=&#8220;tag:h3|text_align:left&#8220; use_theme_fonts=&#8220;yes&#8220;]\n<div class=\"wpcf7 no-js\" id=\"wpcf7-f315-o4\" lang=\"nl-NL\" dir=\"ltr\" data-wpcf7-id=\"315\">\n<div class=\"screen-reader-response\"><p role=\"status\" aria-live=\"polite\" aria-atomic=\"true\"><\/p> <ul><\/ul><\/div>\n<form action=\"\/de\/wp-json\/wp\/v2\/pages\/91#wpcf7-f315-o4\" method=\"post\" class=\"wpcf7-form init\" aria-label=\"Contactformulier\" novalidate=\"novalidate\" data-status=\"init\">\n<fieldset class=\"hidden-fields-container\"><input type=\"hidden\" name=\"_wpcf7\" value=\"315\" \/><input type=\"hidden\" name=\"_wpcf7_version\" value=\"6.1.5\" \/><input type=\"hidden\" name=\"_wpcf7_locale\" value=\"nl_NL\" \/><input type=\"hidden\" name=\"_wpcf7_unit_tag\" value=\"wpcf7-f315-o4\" \/><input type=\"hidden\" name=\"_wpcf7_container_post\" value=\"0\" \/><input type=\"hidden\" name=\"_wpcf7_posted_data_hash\" value=\"\" \/><input type=\"hidden\" name=\"_wpcf7_recaptcha_response\" value=\"\" \/>\n<\/fieldset>\n<p><label> Name (erforderlich)<br \/>\n<span class=\"wpcf7-form-control-wrap\" data-name=\"your-name\"><input size=\"40\" maxlength=\"400\" class=\"wpcf7-form-control wpcf7-text wpcf7-validates-as-required\" aria-required=\"true\" aria-invalid=\"false\" value=\"\" type=\"text\" name=\"your-name\" \/><\/span> <\/label>\n<\/p>\n<p><label> E-mail (erforderlich)<br \/>\n<span class=\"wpcf7-form-control-wrap\" data-name=\"your-email\"><input size=\"40\" maxlength=\"400\" class=\"wpcf7-form-control wpcf7-email wpcf7-validates-as-required wpcf7-text wpcf7-validates-as-email\" aria-required=\"true\" aria-invalid=\"false\" value=\"\" type=\"email\" name=\"your-email\" \/><\/span> <\/label>\n<\/p>\n<p><label> Nachricht<br \/>\n<span class=\"wpcf7-form-control-wrap\" data-name=\"your-message\"><textarea cols=\"40\" rows=\"10\" maxlength=\"2000\" class=\"wpcf7-form-control wpcf7-textarea\" aria-invalid=\"false\" name=\"your-message\"><\/textarea><\/span> <\/label>\n<\/p>\n\n<p><input class=\"wpcf7-form-control wpcf7-submit has-spinner\" type=\"submit\" value=\"Senden\" \/>\n<\/p><div class=\"wpcf7-response-output\" aria-hidden=\"true\"><\/div>\n<\/form>\n<\/div>\n[\/vc_column][\/vc_row][vc_row type=&#8220;1&#8243; margin_bottom=&#8220;-150&#8243; full_width_row=&#8220;true&#8220; css=&#8220;.vc_custom_1485775079142{margin-bottom: -50px !important;}&#8220;][vc_column][vc_empty_space height=&#8220;30&#8243;]<div id='wrap_map_69e8c361195d3' class='ultimate-map-wrapper ult-adjust-bottom-margin ' style=' height:500px;'><div id='map_69e8c361195d3' data-map_override='0' class='ultimate_google_map wpb_content_element 0' style='width:100%;height:500px;'><\/div><\/div><script type='text\/javascript'>\n\t\t\t(function($) {\n  \t\t\t'use strict';\n\t\t\tvar map_map_69e8c361195d3 = null;\n\t\t\tvar coordinate_map_69e8c361195d3;\n\t\t\tvar isDraggable = $(document).width() > 641 ? 'true' : 'true';\n\t\t\ttry\n\t\t\t{\n\t\t\t\tvar map_map_69e8c361195d3 = null;\n\t\t\t\tvar coordinate_map_69e8c361195d3;\n\t\t\t\tcoordinate_map_69e8c361195d3 = new google.maps.LatLng(45.6123697, -0.2180473);\n\t\t\t\tvar mapOptions=\n\t\t\t\t{\n\t\t\t\t\tzoom: 15,\n\t\t\t\t\tcenter: coordinate_map_69e8c361195d3,\n\t\t\t\t\tscaleControl: true,\n\t\t\t\t\tstreetViewControl: false,\n\t\t\t\t\tmapTypeControl: false,\n\t\t\t\t\tpanControl: false,\n\t\t\t\t\tzoomControl: false,\n\t\t\t\t\tscrollwheel: false,\n\t\t\t\t\tdraggable: isDraggable,\n\t\t\t\t\tzoomControlOptions: {\n\t\t\t\t\t\tposition: google.maps.ControlPosition.right_bottom\n\t\t\t\t\t},mapTypeId: google.maps.MapTypeId.roadmap,};var map_map_69e8c361195d3 = new google.maps.Map(document.getElementById('map_69e8c361195d3'),mapOptions);\n\t\t\t\t\t\tvar x = 'infowindow_open_value';\n\t\t\t\t\t\tvar marker_map_69e8c361195d3 = new google.maps.Marker({\n\t\t\t\t\t\tposition: new google.maps.LatLng('45.6123697', '-0.2180473'),\n\t\t\t\t\t\tanimation:  google.maps.Animation.DROP,\n\t\t\t\t\t\tmap: map_map_69e8c361195d3,\n\t\t\t\t\t\ticon: 'https:\/\/druivenparadijs.nl\/wp-content\/uploads\/2017\/01\/Maps-icon-druiven-paradijs.png'\n\t\t\t\t\t});\tgoogle.maps.event.addListener(marker_map_69e8c361195d3, 'click', toggleBounce);var infowindow = new google.maps.InfoWindow();\n\t\t\t\t\t\t\tinfowindow.setContent('<div class=\"map_info_text\" style=\\'color:#000;\\'><\/p> <h3>Druiven Paradijs<\/h3> <p>14 Impasse Guillaumette Charente<br \/> 16130 Segonzac Frankrijk<\/div>');google.maps.event.addListener(marker_map_69e8c361195d3, 'click', function() {\n\t\t\t\t\t\t\t\tinfowindow.open(map_map_69e8c361195d3,marker_map_69e8c361195d3);\n\t\t\t\t\t\t  \t});}\n\t\t\tcatch(e){};\n\t\t\tjQuery(document).ready(function($){\n\t\t\t\tgoogle.maps.event.trigger(map_map_69e8c361195d3, 'resize');\n\t\t\t\t$(window).on('resize', function(){\n\t\t\t\t\tgoogle.maps.event.trigger(map_map_69e8c361195d3, 'resize');\n\t\t\t\t\tif(map_map_69e8c361195d3!=null)\n\t\t\t\t\t\tmap_map_69e8c361195d3.setCenter(coordinate_map_69e8c361195d3);\n\t\t\t\t});\n\t\t\t\t$('.ui-tabs').on('tabsactivate', function(event, ui) {\n\t\t\t\t   if($(this).find('.ultimate-map-wrapper').length > 0)\n\t\t\t\t\t{\n\t\t\t\t\t\tsetTimeout(function(){\n\t\t\t\t\t\t\t$(window).trigger('resize');\n\t\t\t\t\t\t},200);\n\t\t\t\t\t}\n\t\t\t\t});\n\t\t\t\t$('.ui-accordion').on('accordionactivate', function(event, ui) {\n\t\t\t\t   if($(this).find('.ultimate-map-wrapper').length > 0)\n\t\t\t\t\t{\n\t\t\t\t\t\tsetTimeout(function(){\n\t\t\t\t\t\t\t$(window).trigger('resize');\n\t\t\t\t\t\t},200);\n\t\t\t\t\t}\n\t\t\t\t});\n\t\t\t\t$(window).on('load',function(){\n\t\t\t\t\tsetTimeout(function(){\n\t\t\t\t\t\t$(window).trigger('resize');\n\t\t\t\t\t},200);\n\t\t\t\t});\n\t\t\t\t$('.ult_exp_section').on('select', function(){\n\t\t\t\t\tif($(map_map_69e8c361195d3).parents('.ult_exp_section'))\n\t\t\t\t\t{\n\t\t\t\t\t\tsetTimeout(function(){\n\t\t\t\t\t\t\t$(window).trigger('resize');\n\t\t\t\t\t\t},200);\n\t\t\t\t\t}\n\t\t\t\t});\n\t\t\t\t$(document).on('onUVCModalPopupOpen', function(){\n\t\t\t\t\tif($(map_map_69e8c361195d3).parents('.ult_modal-content'))\n\t\t\t\t\t{\n\t\t\t\t\t\tsetTimeout(function(){\n\t\t\t\t\t\t\t$(window).trigger('resize');\n\t\t\t\t\t\t},200);\n\t\t\t\t\t}\n\t\t\t\t});\n\t\t\t\t$(document).on('click','.ult_tab_li',function(){\n\t\t\t\t\t$(window).trigger('resize');\n\t\t\t\t\tsetTimeout(function(){\n\t\t\t\t\t\t$(window).trigger('resize');\n\t\t\t\t\t},200);\n\t\t\t\t});\n\t\t\t});\n\t\t\tfunction toggleBounce() {\n\t\t\t  if (marker_map_69e8c361195d3.getAnimation() != null) {\n\t\t\t\tmarker_map_69e8c361195d3.setAnimation(null);\n\t\t\t  } else {\n\t\t\t\tmarker_map_69e8c361195d3.setAnimation(google.maps.Animation.BOUNCE);\n\t\t\t  }\n\t\t\t}\n\t\t\t})(jQuery);\n\t\t\t<\/script>[\/vc_column][\/vc_row]<\/p>\n<\/div>","protected":false},"excerpt":{"rendered":"<p>[vc_row][vc_column width=&#8220;2\/3&#8243;][vc_column_text] Kontaktinformationen Druiven Paradijs In der schr\u00e4g ablaufenden H\u00fcgellandschaft, die den idyllischen Flu\u00df Charente im S\u00fcdwesten von Frankreich umschlie\u00dft, befindet sich das kleine St\u00e4dtchen Segonzac mit 2200 Einwohnern. Ted und Riet Bootsma 14 Impasse Guillaumette Charente 16130 Segonzac Frankrijk E-mail: info@druivenparadijs.nl Telefon: + 31 (0)6-43105867 + 31 (0)6-57527079[\/vc_column_text][\/vc_column][vc_column width=&#8220;1\/3&#8243;][vc_custom_heading text=&#8220;Kontaktieren Sie uns&#8220; font_container=&#8220;tag:h3|text_align:left&#8220; use_theme_fonts=&#8220;yes&#8220;][\/vc_column][\/vc_row][vc_row&hellip;<\/p>\n","protected":false},"author":1,"featured_media":0,"parent":0,"menu_order":0,"comment_status":"closed","ping_status":"closed","template":"","meta":{"footnotes":""},"class_list":["post-91","page","type-page","status-publish","hentry","description-off"],"yoast_head":"<!-- This site is optimized with the Yoast SEO plugin v27.4 - https:\/\/yoast.com\/product\/yoast-seo-wordpress\/ -->\n<title>(Nederlands) Druiven Paradijs - Meer informatie over een vakantie in zuidwest Frankrijk<\/title>\n<meta name=\"description\" content=\"(Nederlands) Meer informatie over een vakantie in zuidwest Frankrijk? Neem contact op met Ted en Riet Bootsma. Zij vertellen alles over de verhuur van hun appartementen.\" \/>\n<meta name=\"robots\" content=\"index, follow, max-snippet:-1, max-image-preview:large, max-video-preview:-1\" \/>\n<link rel=\"canonical\" href=\"https:\/\/druivenparadijs.nl\/contact\/\" \/>\n<meta property=\"og:locale\" content=\"de_DE\" \/>\n<meta property=\"og:type\" content=\"article\" \/>\n<meta property=\"og:title\" content=\"[:nl]Druiven Paradijs - Meer informatie over een vakantie in zuidwest Frankrijk[:]\" \/>\n<meta property=\"og:description\" content=\"{:nl}Meer informatie over een vakantie in zuidwest Frankrijk? Neem contact op met Ted en Riet Bootsma. Zij vertellen alles over de verhuur van hun appartementen.{:}\" \/>\n<meta property=\"og:url\" content=\"https:\/\/druivenparadijs.nl\/contact\/\" \/>\n<meta property=\"og:site_name\" content=\"Druiven Paradijs\" \/>\n<meta property=\"article:modified_time\" content=\"2023-11-06T16:40:22+00:00\" \/>\n<meta name=\"twitter:card\" content=\"summary_large_image\" \/>\n<meta name=\"twitter:label1\" content=\"Gesch\u00e4tzte Lesezeit\" \/>\n\t<meta name=\"twitter:data1\" content=\"1\u00a0Minute\" \/>\n<script type=\"application\/ld+json\" class=\"yoast-schema-graph\">{\"@context\":\"https:\\\/\\\/schema.org\",\"@graph\":[{\"@type\":\"WebPage\",\"@id\":\"https:\\\/\\\/druivenparadijs.nl\\\/contact\\\/\",\"url\":\"https:\\\/\\\/druivenparadijs.nl\\\/contact\\\/\",\"name\":\"[:nl]Druiven Paradijs - Meer informatie over een vakantie in zuidwest Frankrijk[:]\",\"isPartOf\":{\"@id\":\"https:\\\/\\\/druivenparadijs.nl\\\/#website\"},\"datePublished\":\"2017-01-24T15:46:15+00:00\",\"dateModified\":\"2023-11-06T16:40:22+00:00\",\"description\":\"{:nl}Meer informatie over een vakantie in zuidwest Frankrijk? Neem contact op met Ted en Riet Bootsma. Zij vertellen alles over de verhuur van hun appartementen.{:}\",\"breadcrumb\":{\"@id\":\"https:\\\/\\\/druivenparadijs.nl\\\/contact\\\/#breadcrumb\"},\"inLanguage\":\"de\",\"potentialAction\":[{\"@type\":\"ReadAction\",\"target\":[\"https:\\\/\\\/druivenparadijs.nl\\\/contact\\\/\"]}]},{\"@type\":\"BreadcrumbList\",\"@id\":\"https:\\\/\\\/druivenparadijs.nl\\\/contact\\\/#breadcrumb\",\"itemListElement\":[{\"@type\":\"ListItem\",\"position\":1,\"name\":\"Home\",\"item\":\"https:\\\/\\\/druivenparadijs.nl\\\/\"},{\"@type\":\"ListItem\",\"position\":2,\"name\":\"Contact\"}]},{\"@type\":\"WebSite\",\"@id\":\"https:\\\/\\\/druivenparadijs.nl\\\/#website\",\"url\":\"https:\\\/\\\/druivenparadijs.nl\\\/\",\"name\":\"Druiven Paradijs\",\"description\":\"Herrliche Ferien in der Cognacgegend\",\"potentialAction\":[{\"@type\":\"SearchAction\",\"target\":{\"@type\":\"EntryPoint\",\"urlTemplate\":\"https:\\\/\\\/druivenparadijs.nl\\\/?s={search_term_string}\"},\"query-input\":{\"@type\":\"PropertyValueSpecification\",\"valueRequired\":true,\"valueName\":\"search_term_string\"}}],\"inLanguage\":\"de\"}]}<\/script>\n<!-- \/ Yoast SEO plugin. -->","yoast_head_json":{"title":"(Nederlands) Druiven Paradijs - Meer informatie over een vakantie in zuidwest Frankrijk","description":"(Nederlands) Meer informatie over een vakantie in zuidwest Frankrijk? Neem contact op met Ted en Riet Bootsma. Zij vertellen alles over de verhuur van hun appartementen.","robots":{"index":"index","follow":"follow","max-snippet":"max-snippet:-1","max-image-preview":"max-image-preview:large","max-video-preview":"max-video-preview:-1"},"canonical":"https:\/\/druivenparadijs.nl\/contact\/","og_locale":"de_DE","og_type":"article","og_title":"[:nl]Druiven Paradijs - Meer informatie over een vakantie in zuidwest Frankrijk[:]","og_description":"{:nl}Meer informatie over een vakantie in zuidwest Frankrijk? Neem contact op met Ted en Riet Bootsma. Zij vertellen alles over de verhuur van hun appartementen.{:}","og_url":"https:\/\/druivenparadijs.nl\/contact\/","og_site_name":"Druiven Paradijs","article_modified_time":"2023-11-06T16:40:22+00:00","twitter_card":"summary_large_image","twitter_misc":{"Gesch\u00e4tzte Lesezeit":"1\u00a0Minute"},"schema":{"@context":"https:\/\/schema.org","@graph":[{"@type":"WebPage","@id":"https:\/\/druivenparadijs.nl\/contact\/","url":"https:\/\/druivenparadijs.nl\/contact\/","name":"[:nl]Druiven Paradijs - Meer informatie over een vakantie in zuidwest Frankrijk[:]","isPartOf":{"@id":"https:\/\/druivenparadijs.nl\/#website"},"datePublished":"2017-01-24T15:46:15+00:00","dateModified":"2023-11-06T16:40:22+00:00","description":"{:nl}Meer informatie over een vakantie in zuidwest Frankrijk? Neem contact op met Ted en Riet Bootsma. Zij vertellen alles over de verhuur van hun appartementen.{:}","breadcrumb":{"@id":"https:\/\/druivenparadijs.nl\/contact\/#breadcrumb"},"inLanguage":"de","potentialAction":[{"@type":"ReadAction","target":["https:\/\/druivenparadijs.nl\/contact\/"]}]},{"@type":"BreadcrumbList","@id":"https:\/\/druivenparadijs.nl\/contact\/#breadcrumb","itemListElement":[{"@type":"ListItem","position":1,"name":"Home","item":"https:\/\/druivenparadijs.nl\/"},{"@type":"ListItem","position":2,"name":"Contact"}]},{"@type":"WebSite","@id":"https:\/\/druivenparadijs.nl\/#website","url":"https:\/\/druivenparadijs.nl\/","name":"Druiven Paradijs","description":"Herrliche Ferien in der Cognacgegend","potentialAction":[{"@type":"SearchAction","target":{"@type":"EntryPoint","urlTemplate":"https:\/\/druivenparadijs.nl\/?s={search_term_string}"},"query-input":{"@type":"PropertyValueSpecification","valueRequired":true,"valueName":"search_term_string"}}],"inLanguage":"de"}]}},"_links":{"self":[{"href":"https:\/\/druivenparadijs.nl\/de\/wp-json\/wp\/v2\/pages\/91","targetHints":{"allow":["GET"]}}],"collection":[{"href":"https:\/\/druivenparadijs.nl\/de\/wp-json\/wp\/v2\/pages"}],"about":[{"href":"https:\/\/druivenparadijs.nl\/de\/wp-json\/wp\/v2\/types\/page"}],"author":[{"embeddable":true,"href":"https:\/\/druivenparadijs.nl\/de\/wp-json\/wp\/v2\/users\/1"}],"replies":[{"embeddable":true,"href":"https:\/\/druivenparadijs.nl\/de\/wp-json\/wp\/v2\/comments?post=91"}],"version-history":[{"count":8,"href":"https:\/\/druivenparadijs.nl\/de\/wp-json\/wp\/v2\/pages\/91\/revisions"}],"predecessor-version":[{"id":610,"href":"https:\/\/druivenparadijs.nl\/de\/wp-json\/wp\/v2\/pages\/91\/revisions\/610"}],"wp:attachment":[{"href":"https:\/\/druivenparadijs.nl\/de\/wp-json\/wp\/v2\/media?parent=91"}],"curies":[{"name":"wp","href":"https:\/\/api.w.org\/{rel}","templated":true}]}}