{"id":141,"date":"2017-01-30T12:54:17","date_gmt":"2017-01-30T11:54:17","guid":{"rendered":"https:\/\/druivenparadijs.nl\/?page_id=141"},"modified":"2017-02-07T15:38:50","modified_gmt":"2017-02-07T14:38:50","slug":"reglementen","status":"publish","type":"page","link":"https:\/\/druivenparadijs.nl\/fr\/reglementen\/","title":{"rendered":"Le r\u00e8glement int\u00e9rieur"},"content":{"rendered":"<div class=\"wpb-content-wrapper\"><p>[vc_row][vc_column][vc_row_inner][vc_column_inner width=\u00a0\u00bb2\/3&Prime;][vc_column_text]<strong>Notre offre: un nouveau appartement ayant tout le confort. Y compris:<\/strong><\/p>\n<ol>\n<li>Usage du linge et de la literie.<\/li>\n<li>Garage pour v\u00e9los.<\/li>\n<li>Chaises de jardin (voir garage).<\/li>\n<li>Machine \u00e0 laver (voir garage).<\/li>\n<li>Des d\u00e9pliants sur les environs (propri\u00e9t\u00e9 de l\u2019appartement Druivenparadijs, veuillez ne pas emporter)<\/li>\n<\/ol>\n<p><em><strong>Le r\u00e8glement int\u00e9rieur:<\/strong><\/em><\/p>\n<ol>\n<li>Veuillez traiter nos affaires avec prudence.<\/li>\n<li>Veuillez nettoyer l\u2019appartement avant votre d\u00e9part.<\/li>\n<li>Veuillez mettre le linge dans le panier \u00e0 linge.<\/li>\n<li>Veuillez couper les plaques chauffantes avant de fermer les portes de la cuisinette pour \u00e9viter la surchauffe.<\/li>\n<li>Veuillez communiquer de la vaisselle cass\u00e9e, pour que nous puissions la remplacer (un verre, une tasse ou une assiette, cela peut arriver).<\/li>\n<li>Veuillez couper le r\u00e9frig\u00e9rateur et entrouvrir son porte, fermer les portes et volets \u00e0 clef.<\/li>\n<li>Veuillez d\u00e9brancher le chauffage avant de partir.<\/li>\n<li>Il est interdit de fumer dans l\u2019appartement et de jeter des m\u00e9gots sur la pelouse. Attention: RISQUE D\u2019INCENDIE<\/li>\n<li>En cas d\u2019une interruption de courant, vous trouvez le coupe-circuit dans le placard dans la chambre \u00e0 coucher.<\/li>\n<\/ol>\n<p>La caution est de 150,00 euro. En cas de r\u00e9servation vous payez un acompte de 25%. Le reste du montant et la caution doivent \u00eatre pay\u00e9 au plus tard 8 semaines avant la location.<br \/>\nSi le loyer n\u2019a pas \u00e9t\u00e9 pay\u00e9 nous avons toujours le droit de louer l\u2019appartement aux autres locateurs. Vous serez mis au courant par e-mail.<\/p>\n<p>Nous vous souhaitons de bonnes vacances.<\/p>\n<p>L\u2019adresse de l\u2019appartement: 14 Impasse Guillaumette, 16130 Segonzac. En cas de probl\u00e8mes ou questions vous pouvez nous appeler sur 0031 228 724031 \/ 06-57527079 ou par e-mail sur\u00a0<a href=\"mailto:info@druivenparadijs.nl\">info@druivenparadijs.nl<\/a>[\/vc_column_text][\/vc_column_inner][vc_column_inner width=\u00a0\u00bb1\/3&Prime;][vc_single_image image=\u00a0\u00bb30&Prime; img_size=\u00a0\u00bbfull\u00a0\u00bb][vc_column_text]<em><strong>Quelques tuyaux:<\/strong><\/em><\/p>\n<p>Les ordures m\u00e9nag\u00e8res peuvent \u00eatre mis au bord de la route le lundi soir.<br \/>\nNum\u00e9ros de t\u00e9l\u00e9phone :<br \/>\nPolice:<br \/>\nPompiers: 18<br \/>\nDentiste: DR NIVET Alain, 05 45 83 44 67<br \/>\nL\u2019h\u00f4pital se trouve \u00e0 Cognac.<\/p>\n<p><em><strong>G\u00e9n\u00e9ralistes<br \/>\n<\/strong><\/em><br \/>\nDocteur MAILLOCHAUD David<br \/>\nTel: 05 45 83 42 18<\/p>\n<p>Docteur FLOCH YVES<br \/>\nTel. 05 45 83 40 71<\/p>\n<p>Docteur CORMEAU Yves<br \/>\nTel. 05 45 83 40 70[\/vc_column_text][\/vc_column_inner][\/vc_row_inner][\/vc_column][\/vc_row]<\/p>\n<\/div>","protected":false},"excerpt":{"rendered":"<p>[vc_row][vc_column][vc_row_inner][vc_column_inner width=\u00a0\u00bb2\/3&Prime;][vc_column_text]Notre offre: un nouveau appartement ayant tout le confort. Y compris: Usage du linge et de la literie. Garage pour v\u00e9los. Chaises de jardin (voir garage). Machine \u00e0 laver (voir garage). Des d\u00e9pliants sur les environs (propri\u00e9t\u00e9 de l\u2019appartement Druivenparadijs, veuillez ne pas emporter) Le r\u00e8glement int\u00e9rieur: Veuillez traiter nos affaires avec prudence. Veuillez&hellip;<\/p>\n","protected":false},"author":1,"featured_media":0,"parent":0,"menu_order":0,"comment_status":"closed","ping_status":"closed","template":"","meta":{"footnotes":""},"class_list":["post-141","page","type-page","status-publish","hentry","description-off"],"yoast_head":"<!-- This site is optimized with the Yoast SEO plugin v27.3 - https:\/\/yoast.com\/product\/yoast-seo-wordpress\/ -->\n<title>(Nederlands) Druiven Paradijs - Reglementen<\/title>\n<meta name=\"description\" content=\"(Nederlands) Lees hier de reglementen die gelden voor de verhuur van de appartementen in het Druiven Paradijs.\" \/>\n<meta name=\"robots\" content=\"index, follow, max-snippet:-1, max-image-preview:large, max-video-preview:-1\" \/>\n<link rel=\"canonical\" href=\"https:\/\/druivenparadijs.nl\/fr\/reglementen\/\" \/>\n<meta property=\"og:locale\" content=\"fr_FR\" \/>\n<meta property=\"og:type\" content=\"article\" \/>\n<meta property=\"og:title\" content=\"(Nederlands) Druiven Paradijs - Reglementen\" \/>\n<meta property=\"og:description\" content=\"(Nederlands) Lees hier de reglementen die gelden voor de verhuur van de appartementen in het Druiven Paradijs.\" \/>\n<meta property=\"og:url\" content=\"https:\/\/druivenparadijs.nl\/fr\/reglementen\/\" \/>\n<meta property=\"og:site_name\" content=\"Druiven Paradijs\" \/>\n<meta property=\"article:modified_time\" content=\"2017-02-07T14:38:50+00:00\" \/>\n<meta name=\"twitter:card\" content=\"summary_large_image\" \/>\n<meta name=\"twitter:label1\" content=\"Dur\u00e9e de lecture estim\u00e9e\" \/>\n\t<meta name=\"twitter:data1\" content=\"7 minutes\" \/>\n<script type=\"application\/ld+json\" class=\"yoast-schema-graph\">{\"@context\":\"https:\\\/\\\/schema.org\",\"@graph\":[{\"@type\":\"WebPage\",\"@id\":\"https:\\\/\\\/druivenparadijs.nl\\\/fr\\\/reglementen\\\/\",\"url\":\"https:\\\/\\\/druivenparadijs.nl\\\/fr\\\/reglementen\\\/\",\"name\":\"(Nederlands) Druiven Paradijs - Reglementen\",\"isPartOf\":{\"@id\":\"https:\\\/\\\/druivenparadijs.nl\\\/#website\"},\"datePublished\":\"2017-01-30T11:54:17+00:00\",\"dateModified\":\"2017-02-07T14:38:50+00:00\",\"description\":\"(Nederlands) Lees hier de reglementen die gelden voor de verhuur van de appartementen in het Druiven Paradijs.\",\"breadcrumb\":{\"@id\":\"https:\\\/\\\/druivenparadijs.nl\\\/fr\\\/reglementen\\\/#breadcrumb\"},\"inLanguage\":\"fr-FR\",\"potentialAction\":[{\"@type\":\"ReadAction\",\"target\":[\"https:\\\/\\\/druivenparadijs.nl\\\/fr\\\/reglementen\\\/\"]}]},{\"@type\":\"BreadcrumbList\",\"@id\":\"https:\\\/\\\/druivenparadijs.nl\\\/fr\\\/reglementen\\\/#breadcrumb\",\"itemListElement\":[{\"@type\":\"ListItem\",\"position\":1,\"name\":\"Home\",\"item\":\"https:\\\/\\\/druivenparadijs.nl\\\/\"},{\"@type\":\"ListItem\",\"position\":2,\"name\":\"Le r\u00e8glement int\u00e9rieur\"}]},{\"@type\":\"WebSite\",\"@id\":\"https:\\\/\\\/druivenparadijs.nl\\\/#website\",\"url\":\"https:\\\/\\\/druivenparadijs.nl\\\/\",\"name\":\"Druiven Paradijs\",\"description\":\"Een heerlijke vakantie in de Cognacstreek\",\"potentialAction\":[{\"@type\":\"SearchAction\",\"target\":{\"@type\":\"EntryPoint\",\"urlTemplate\":\"https:\\\/\\\/druivenparadijs.nl\\\/?s={search_term_string}\"},\"query-input\":{\"@type\":\"PropertyValueSpecification\",\"valueRequired\":true,\"valueName\":\"search_term_string\"}}],\"inLanguage\":\"fr-FR\"}]}<\/script>\n<!-- \/ Yoast SEO plugin. -->","yoast_head_json":{"title":"(Nederlands) Druiven Paradijs - Reglementen","description":"(Nederlands) Lees hier de reglementen die gelden voor de verhuur van de appartementen in het Druiven Paradijs.","robots":{"index":"index","follow":"follow","max-snippet":"max-snippet:-1","max-image-preview":"max-image-preview:large","max-video-preview":"max-video-preview:-1"},"canonical":"https:\/\/druivenparadijs.nl\/fr\/reglementen\/","og_locale":"fr_FR","og_type":"article","og_title":"(Nederlands) Druiven Paradijs - Reglementen","og_description":"(Nederlands) Lees hier de reglementen die gelden voor de verhuur van de appartementen in het Druiven Paradijs.","og_url":"https:\/\/druivenparadijs.nl\/fr\/reglementen\/","og_site_name":"Druiven Paradijs","article_modified_time":"2017-02-07T14:38:50+00:00","twitter_card":"summary_large_image","twitter_misc":{"Dur\u00e9e de lecture estim\u00e9e":"7 minutes"},"schema":{"@context":"https:\/\/schema.org","@graph":[{"@type":"WebPage","@id":"https:\/\/druivenparadijs.nl\/fr\/reglementen\/","url":"https:\/\/druivenparadijs.nl\/fr\/reglementen\/","name":"(Nederlands) Druiven Paradijs - Reglementen","isPartOf":{"@id":"https:\/\/druivenparadijs.nl\/#website"},"datePublished":"2017-01-30T11:54:17+00:00","dateModified":"2017-02-07T14:38:50+00:00","description":"(Nederlands) Lees hier de reglementen die gelden voor de verhuur van de appartementen in het Druiven Paradijs.","breadcrumb":{"@id":"https:\/\/druivenparadijs.nl\/fr\/reglementen\/#breadcrumb"},"inLanguage":"fr-FR","potentialAction":[{"@type":"ReadAction","target":["https:\/\/druivenparadijs.nl\/fr\/reglementen\/"]}]},{"@type":"BreadcrumbList","@id":"https:\/\/druivenparadijs.nl\/fr\/reglementen\/#breadcrumb","itemListElement":[{"@type":"ListItem","position":1,"name":"Home","item":"https:\/\/druivenparadijs.nl\/"},{"@type":"ListItem","position":2,"name":"Le r\u00e8glement int\u00e9rieur"}]},{"@type":"WebSite","@id":"https:\/\/druivenparadijs.nl\/#website","url":"https:\/\/druivenparadijs.nl\/","name":"Druiven Paradijs","description":"Een heerlijke vakantie in de Cognacstreek","potentialAction":[{"@type":"SearchAction","target":{"@type":"EntryPoint","urlTemplate":"https:\/\/druivenparadijs.nl\/?s={search_term_string}"},"query-input":{"@type":"PropertyValueSpecification","valueRequired":true,"valueName":"search_term_string"}}],"inLanguage":"fr-FR"}]}},"_links":{"self":[{"href":"https:\/\/druivenparadijs.nl\/fr\/wp-json\/wp\/v2\/pages\/141","targetHints":{"allow":["GET"]}}],"collection":[{"href":"https:\/\/druivenparadijs.nl\/fr\/wp-json\/wp\/v2\/pages"}],"about":[{"href":"https:\/\/druivenparadijs.nl\/fr\/wp-json\/wp\/v2\/types\/page"}],"author":[{"embeddable":true,"href":"https:\/\/druivenparadijs.nl\/fr\/wp-json\/wp\/v2\/users\/1"}],"replies":[{"embeddable":true,"href":"https:\/\/druivenparadijs.nl\/fr\/wp-json\/wp\/v2\/comments?post=141"}],"version-history":[{"count":9,"href":"https:\/\/druivenparadijs.nl\/fr\/wp-json\/wp\/v2\/pages\/141\/revisions"}],"predecessor-version":[{"id":341,"href":"https:\/\/druivenparadijs.nl\/fr\/wp-json\/wp\/v2\/pages\/141\/revisions\/341"}],"wp:attachment":[{"href":"https:\/\/druivenparadijs.nl\/fr\/wp-json\/wp\/v2\/media?parent=141"}],"curies":[{"name":"wp","href":"https:\/\/api.w.org\/{rel}","templated":true}]}}